{"id":2098,"date":"2021-06-11T11:13:55","date_gmt":"2021-06-11T11:13:55","guid":{"rendered":"https:\/\/andreamontiel.mx\/?post_type=product&#038;p=2098"},"modified":"2021-06-11T11:13:56","modified_gmt":"2021-06-11T11:13:56","slug":"temporal-sin-tiempo","status":"publish","type":"product","link":"https:\/\/andreamontiel.mx\/?product=temporal-sin-tiempo","title":{"rendered":"Temporal sin tiempo"},"content":{"rendered":"<p>El arte cl\u00e1sico aspir\u00f3 a ver desnudas las cosas de la naturaleza. Estim\u00f3 que la ropa es a\u00f1adido innecesario. No desde\u00f1\u00f3 la imaginaci\u00f3n, pero tampoco le dio m\u00e1s alas que aquellas proporcionadas por el buen sentido. Y para que no quede cabo suelto recordemos que ropa e imaginaci\u00f3n crean atm\u00f3sferas que no caben en lo cl\u00e1sico.<\/p>\n","protected":false},"excerpt":{"rendered":"<p>El arte cl\u00e1sico aspir\u00f3 a ver desnudas las cosas de la naturaleza. Estim\u00f3 que la ropa es a\u00f1adido innecesario. No desde\u00f1\u00f3 la imaginaci\u00f3n, pero tampoco le dio m\u00e1s alas que aquellas proporcionadas por el buen sentido. Y para que no quede cabo suelto recordemos que ropa e imaginaci\u00f3n crean atm\u00f3sferas que no caben en lo cl\u00e1sico.<\/p>\n","protected":false},"featured_media":1914,"comment_status":"closed","ping_status":"closed","template":"","meta":[],"product_cat":[41],"product_tag":[],"aioseo_notices":[],"_links":{"self":[{"href":"https:\/\/andreamontiel.mx\/index.php?rest_route=\/wp\/v2\/product\/2098"}],"collection":[{"href":"https:\/\/andreamontiel.mx\/index.php?rest_route=\/wp\/v2\/product"}],"about":[{"href":"https:\/\/andreamontiel.mx\/index.php?rest_route=\/wp\/v2\/types\/product"}],"replies":[{"embeddable":true,"href":"https:\/\/andreamontiel.mx\/index.php?rest_route=%2Fwp%2Fv2%2Fcomments&post=2098"}],"wp:featuredmedia":[{"embeddable":true,"href":"https:\/\/andreamontiel.mx\/index.php?rest_route=\/wp\/v2\/media\/1914"}],"wp:attachment":[{"href":"https:\/\/andreamontiel.mx\/index.php?rest_route=%2Fwp%2Fv2%2Fmedia&parent=2098"}],"wp:term":[{"taxonomy":"product_cat","embeddable":true,"href":"https:\/\/andreamontiel.mx\/index.php?rest_route=%2Fwp%2Fv2%2Fproduct_cat&post=2098"},{"taxonomy":"product_tag","embeddable":true,"href":"https:\/\/andreamontiel.mx\/index.php?rest_route=%2Fwp%2Fv2%2Fproduct_tag&post=2098"}],"curies":[{"name":"wp","href":"https:\/\/api.w.org\/{rel}","templated":true}]}}